{"id":179,"date":"2023-11-06T11:36:00","date_gmt":"2023-11-06T11:36:00","guid":{"rendered":"https:\/\/posada.devel.digital\/?page_id=179"},"modified":"2023-11-06T13:55:50","modified_gmt":"2023-11-06T13:55:50","slug":"lugares-de-interes","status":"publish","type":"page","link":"https:\/\/posada.devel.digital\/index.php\/lugares-de-interes\/","title":{"rendered":"Lugares de inter\u00e9s"},"content":{"rendered":"<p>[et_pb_section fb_built=\u00bb1&#8243; custom_padding_last_edited=\u00bbon|phone\u00bb _builder_version=\u00bb4.22.2&#8243; use_background_color_gradient=\u00bbon\u00bb background_color_gradient_stops=\u00bbrgba(0,0,0,0.2) 0%|rgba(0,0,0,0.2) 100%\u00bb background_color_gradient_overlays_image=\u00bbon\u00bb background_image=\u00bbhttps:\/\/posada.devel.digital\/wp-content\/uploads\/2023\/11\/CanaldeCastillaFromista3_0-scaled.jpg\u00bb parallax=\u00bbon\u00bb custom_padding=\u00bb90px||229px||false|\u00bb custom_padding_tablet=\u00bb50px||100px||false|false\u00bb custom_padding_phone=\u00bb30px||50px||false|false\u00bb hover_enabled=\u00bb0&#8243; global_colors_info=\u00bb{}\u00bb title_text=\u00bbCanaldeCastillaFromista3_0&#8243; sticky_enabled=\u00bb0&#8243;][et_pb_row column_structure=\u00bb1_2,1_2&#8243; use_custom_gutter=\u00bbon\u00bb gutter_width=\u00bb2&#8243; make_equal=\u00bbon\u00bb _builder_version=\u00bb4.22.2&#8243; width_tablet=\u00bb90%\u00bb width_phone=\u00bb90%\u00bb width_last_edited=\u00bboff|phone\u00bb max_width_tablet=\u00bb90%\u00bb max_width_phone=\u00bb90%\u00bb max_width_last_edited=\u00bbon|tablet\u00bb global_colors_info=\u00bb{}\u00bb][et_pb_column type=\u00bb1_2&#8243; _builder_version=\u00bb4.16&#8243; custom_padding=\u00bb|||\u00bb global_colors_info=\u00bb{}\u00bb custom_padding__hover=\u00bb|||\u00bb][et_pb_text _builder_version=\u00bb4.22.2&#8243; header_text_color=\u00bb#FCF3D8&#8243; header_line_height=\u00bb1.3em\u00bb custom_padding=\u00bb64px||\u00bb custom_padding_tablet=\u00bb\u00bb custom_padding_phone=\u00bb0px||\u00bb custom_padding_last_edited=\u00bbon|desktop\u00bb animation_style=\u00bbslide\u00bb animation_direction=\u00bbleft\u00bb animation_duration=\u00bb1400ms\u00bb hover_enabled=\u00bb0&#8243; header_font_size_tablet=\u00bb\u00bb header_font_size_phone=\u00bb30px\u00bb header_font_size_last_edited=\u00bbon|desktop\u00bb header_text_shadow_style=\u00bbpreset3&#8243; global_colors_info=\u00bb{}\u00bb sticky_enabled=\u00bb0&#8243;]<\/p>\n<h1>Lugares de inter\u00e9s<\/h1>\n<p>[\/et_pb_text][et_pb_text _builder_version=\u00bb4.22.2&#8243; text_text_color=\u00bb#ffffff\u00bb text_font_size=\u00bb18px\u00bb text_line_height=\u00bb1.8em\u00bb header_font=\u00bbQuicksand||||||||\u00bb header_text_color=\u00bb#ffffff\u00bb header_font_size=\u00bb55px\u00bb header_line_height=\u00bb1.3em\u00bb max_width=\u00bb500px\u00bb custom_margin=\u00bb-9px||\u00bb animation_style=\u00bbslide\u00bb animation_direction=\u00bbleft\u00bb animation_duration=\u00bb1400ms\u00bb hover_enabled=\u00bb0&#8243; text_text_shadow_style=\u00bbpreset3&#8243; global_colors_info=\u00bb{}\u00bb sticky_enabled=\u00bb0&#8243;]<\/p>\n<p><span>Explora y descubre la belleza de la regi\u00f3n<\/span><\/p>\n<p>[\/et_pb_text][\/et_pb_column][et_pb_column type=\u00bb1_2&#8243; _builder_version=\u00bb4.16&#8243; custom_padding=\u00bb|||\u00bb global_colors_info=\u00bb{}\u00bb custom_padding__hover=\u00bb|||\u00bb][\/et_pb_column][\/et_pb_row][\/et_pb_section][et_pb_section fb_built=\u00bb1&#8243; custom_padding_last_edited=\u00bbon|phone\u00bb _builder_version=\u00bb4.22.2&#8243; custom_padding=\u00bb10px||47px||false|\u00bb custom_padding_tablet=\u00bb10px||80px||false|false\u00bb custom_padding_phone=\u00bb||50px||false|false\u00bb hover_enabled=\u00bb0&#8243; global_colors_info=\u00bb{}\u00bb background_enable_color=\u00bboff\u00bb sticky_enabled=\u00bb0&#8243;][et_pb_row column_structure=\u00bb1_2,1_2&#8243; use_custom_gutter=\u00bbon\u00bb gutter_width=\u00bb2&#8243; make_equal=\u00bbon\u00bb custom_padding_last_edited=\u00bbon|phone\u00bb _builder_version=\u00bb4.22.2&#8243; width_tablet=\u00bb90%\u00bb width_phone=\u00bb90%\u00bb width_last_edited=\u00bboff|phone\u00bb max_width_tablet=\u00bb90%\u00bb max_width_phone=\u00bb80%\u00bb max_width_last_edited=\u00bbon|tablet\u00bb custom_padding=\u00bb110px||21px|||\u00bb custom_padding_tablet=\u00bb80px||10px||false|false\u00bb custom_padding_phone=\u00bb50px||||false|false\u00bb animation_style=\u00bbslide\u00bb animation_delay=\u00bb500ms\u00bb animation_intensity_slide=\u00bb5%\u00bb global_colors_info=\u00bb{}\u00bb][et_pb_column type=\u00bb1_2&#8243; _builder_version=\u00bb4.22.2&#8243; custom_padding=\u00bb|||\u00bb custom_css_main_element=\u00bbmargin: auto;\u00bb global_colors_info=\u00bb{}\u00bb custom_padding__hover=\u00bb|||\u00bb][et_pb_blurb title=\u00bbLa Posada del Canal\u00bb use_icon=\u00bbon\u00bb font_icon=\u00bb&#x4b;||divi||400&#8243; icon_placement=\u00bbleft\u00bb image_icon_width=\u00bb25px\u00bb content_max_width=\u00bb100%\u00bb _builder_version=\u00bb4.22.2&#8243; header_font=\u00bb||on||||||\u00bb header_text_color=\u00bb#333333&#8243; header_font_size=\u00bb18px\u00bb header_line_height=\u00bb1.3em\u00bb body_text_color=\u00bb#000000&#8243; custom_margin=\u00bb||||false|false\u00bb custom_margin_tablet=\u00bb||10px||false|false\u00bb custom_margin_phone=\u00bb||10px||false|false\u00bb custom_margin_last_edited=\u00bbon|tablet\u00bb animation=\u00bboff\u00bb image_max_width=\u00bb23px\u00bb global_colors_info=\u00bb{}\u00bb][\/et_pb_blurb][et_pb_text _builder_version=\u00bb4.22.2&#8243; header_text_align=\u00bbleft\u00bb header_text_color=\u00bb#411b0b\u00bb header_line_height=\u00bb1.3em\u00bb custom_margin_tablet=\u00bb||10px||false|false\u00bb custom_margin_phone=\u00bb||10px||false|false\u00bb custom_margin_last_edited=\u00bbon|tablet\u00bb custom_padding=\u00bb||\u00bb custom_padding_last_edited=\u00bboff|phone\u00bb hover_enabled=\u00bb0&#8243; header_font_size_tablet=\u00bb42px\u00bb header_font_size_phone=\u00bb30px\u00bb header_font_size_last_edited=\u00bbon|phone\u00bb global_colors_info=\u00bb{}\u00bb sticky_enabled=\u00bb0&#8243;]<\/p>\n<h1>Alrededores<\/h1>\n<p>[\/et_pb_text][et_pb_text _builder_version=\u00bb4.22.2&#8243; text_line_height=\u00bb1.8em\u00bb header_font=\u00bbQuicksand||||||||\u00bb header_text_color=\u00bb#ffffff\u00bb header_font_size=\u00bb55px\u00bb header_line_height=\u00bb1.3em\u00bb module_alignment=\u00bbcenter\u00bb custom_margin=\u00bb||||false|false\u00bb custom_margin_tablet=\u00bb||30px||false|false\u00bb custom_margin_phone=\u00bb||30px||false|false\u00bb custom_margin_last_edited=\u00bbon|phone\u00bb hover_enabled=\u00bb0&#8243; text_text_align=\u00bbcenter\u00bb global_colors_info=\u00bb{}\u00bb sticky_enabled=\u00bb0&#8243;]<\/p>\n<p><span>A pocos pasos de la posada, encontrar\u00e1s <strong>lugares hist\u00f3ricos<\/strong> que te transportar\u00e1n en el tiempo, como museos, monumentos y sitios arqueol\u00f3gicos. Tu estancia se convertir\u00e1 en una <strong>experiencia inolvidable llena de cultura, historia y belleza natural<\/strong><\/span><\/p>\n<p>[\/et_pb_text][\/et_pb_column][et_pb_column type=\u00bb1_2&#8243; _builder_version=\u00bb4.22.2&#8243; custom_padding=\u00bb|||\u00bb custom_css_main_element=\u00bbmargin: auto;\u00bb global_colors_info=\u00bb{}\u00bb custom_padding__hover=\u00bb|||\u00bb][\/et_pb_column][\/et_pb_row][et_pb_row column_structure=\u00bb1_2,1_2&#8243; use_custom_gutter=\u00bbon\u00bb gutter_width=\u00bb2&#8243; make_equal=\u00bbon\u00bb padding_top_bottom_link_1=\u00bbtrue\u00bb padding_top_bottom_link_2=\u00bbtrue\u00bb padding_top_bottom_link_3=\u00bbtrue\u00bb _builder_version=\u00bb4.22.2&#8243; width_phone=\u00bb90%\u00bb width_last_edited=\u00bboff|tablet\u00bb max_width_tablet=\u00bb90%\u00bb max_width_phone=\u00bb90%\u00bb max_width_last_edited=\u00bbon|tablet\u00bb custom_margin=\u00bb||||false|false\u00bb custom_padding=\u00bb|0px||0px|true|true\u00bb hover_enabled=\u00bb0&#8243; global_colors_info=\u00bb{}\u00bb sticky_enabled=\u00bb0&#8243; background_enable_color=\u00bboff\u00bb][et_pb_column type=\u00bb1_2&#8243; _builder_version=\u00bb4.22.2&#8243; custom_padding=\u00bb0px||0px||true|false\u00bb hover_enabled=\u00bb0&#8243; global_colors_info=\u00bb{}\u00bb custom_padding__hover=\u00bb|||\u00bb sticky_enabled=\u00bb0&#8243;][et_pb_blurb title=\u00bbIglesia de Santa Maria\u00bb image=\u00bbhttps:\/\/posada.devel.digital\/wp-content\/uploads\/2023\/10\/la-posada-del-canal.png\u00bb _builder_version=\u00bb4.22.2&#8243; header_text_align=\u00bbleft\u00bb header_font_size=\u00bb18px\u00bb header_line_height=\u00bb1.8em\u00bb body_text_align=\u00bbleft\u00bb body_font_size=\u00bb15px\u00bb body_line_height=\u00bb1.8em\u00bb custom_padding=\u00bb|0px|20px|0px|false|true\u00bb custom_padding_phone=\u00bb|5px||5px||true\u00bb custom_padding_last_edited=\u00bboff|tablet\u00bb animation=\u00bboff\u00bb hover_enabled=\u00bb0&#8243; image_max_width=\u00bb120px\u00bb global_colors_info=\u00bb{}\u00bb sticky_enabled=\u00bb0&#8243; custom_margin=\u00bb|0px|0px|0px|false|true\u00bb title_text=\u00bbla-posada-del-canal\u00bb border_color_all=\u00bb#4C2813&#8243; content__hover_enabled=\u00bboff|desktop\u00bb content__hover=\u00bb<\/p>\n<p><span>C\u00f3mo llegar<\/span><\/p>\n<p>\u00bb title__hover_enabled=\u00bboff|desktop\u00bb border_width_all=\u00bb2px\u00bb content_max_width=\u00bb100%\u00bb]<span>Situada frente a la Posada del Canal, obra de f\u00e1brica en espl\u00e9ndida siller\u00eda, resulta de la actuaci\u00f3n del arquitecto renacentista Juan de Badajoz el Mozo, que trabaj\u00f3 entre los a\u00f1os 1523 y 1534, para D. Pedro Manuel, obispo de Le\u00f3n y para el que desarroll\u00f3 obras en el castillo de Belmonte (pueblo vecino) y en la inacabada capilla renacentista de la iglesia de San Pedro.<\/span><\/p>\n<p><span><\/span><\/p>\n<h5 style=\"color: #4c2813; font-weight: bold; word-spacing: 1px; font-size: 18px;\"><a href=\"https:\/\/maps.app.goo.gl\/5vLV21tW3RgiuDzz7\"><span>C\u00d3MO LLEGAR<\/span><\/a><\/h5>\n<p>[\/et_pb_blurb][et_pb_code _builder_version=\u00bb4.22.2&#8243; _module_preset=\u00bbdefault\u00bb hover_enabled=\u00bb0&#8243; sticky_enabled=\u00bb0&#8243;][\/et_pb_code][\/et_pb_column][et_pb_column type=\u00bb1_2&#8243; _builder_version=\u00bb4.22.2&#8243; custom_padding=\u00bb0px||0px||true|false\u00bb global_colors_info=\u00bb{}\u00bb custom_padding__hover=\u00bb|||\u00bb hover_enabled=\u00bb0&#8243; sticky_enabled=\u00bb0&#8243;][et_pb_blurb title=\u00bbCanal de Castilla %22El sue\u00f1o Ilustrado%22&#8243; image=\u00bbhttps:\/\/posada.devel.digital\/wp-content\/uploads\/2023\/11\/CanaldeCastillaFromista3_0-scaled.jpg\u00bb _builder_version=\u00bb4.22.2&#8243; header_text_align=\u00bbleft\u00bb header_font_size=\u00bb18px\u00bb header_line_height=\u00bb1.8em\u00bb body_text_align=\u00bbleft\u00bb body_font_size=\u00bb15px\u00bb body_line_height=\u00bb1.8em\u00bb custom_padding=\u00bb|0px|20px|0px|false|true\u00bb animation=\u00bboff\u00bb image_max_width=\u00bb120px\u00bb global_colors_info=\u00bb{}\u00bb sticky_enabled=\u00bb0&#8243; custom_margin=\u00bb|0px|0px|0px|false|true\u00bb title_text=\u00bbCanaldeCastillaFromista3_0&#8243; border_width_all=\u00bb2px\u00bb border_color_all=\u00bb#4C2813&#8243; content_max_width=\u00bb100%\u00bb hover_enabled=\u00bb0&#8243;]<span>Tambi\u00e9n muy cercano a la Posada del Canal y atravesando el t\u00e9rmino municipal de Villanueva de San Mancio, se puede observar el acueducto sobre el rio Sequillo y la sexta y la s\u00e9ptima esclusa del Canal de Castilla.<\/span><\/p>\n<p><span>Desde nuestra terraza-solarium, se puede disfrutar del bell\u00edsimo paisaje de las tierras de Castilla.<\/span><br \/>\n<span><\/span><\/p>\n<p><span><\/span><\/p>\n<h5 style=\"color: #4c2813; font-weight: bold; word-spacing: 1px; font-size: 18px;\"><a href=\"https:\/\/maps.app.goo.gl\/Y4XqvUTgqJ53dmV56\"><span>C\u00d3MO LLEGAR<\/span><\/a><\/h5>\n<p>[\/et_pb_blurb][\/et_pb_column][\/et_pb_row][et_pb_row _builder_version=\u00bb4.22.2&#8243; _module_preset=\u00bbdefault\u00bb column_structure=\u00bb1_2,1_2&#8243; use_custom_gutter=\u00bbon\u00bb gutter_width=\u00bb2&#8243; make_equal=\u00bbon\u00bb padding_top_bottom_link_1=\u00bbtrue\u00bb padding_top_bottom_link_2=\u00bbtrue\u00bb padding_top_bottom_link_3=\u00bbtrue\u00bb custom_margin=\u00bb||||false|false\u00bb custom_padding=\u00bb|0px||0px|true|true\u00bb background_enable_color=\u00bboff\u00bb max_width_tablet=\u00bb90%\u00bb max_width_phone=\u00bb90%\u00bb max_width_last_edited=\u00bbon|tablet\u00bb][et_pb_column _builder_version=\u00bb4.22.2&#8243; _module_preset=\u00bbdefault\u00bb type=\u00bb1_2&#8243;][et_pb_blurb title=\u00bbLaguna de Tamariz de Campos\u00bb image=\u00bbhttps:\/\/posada.devel.digital\/wp-content\/uploads\/2023\/11\/20190927_195240.jpg\u00bb _builder_version=\u00bb4.22.2&#8243; header_text_align=\u00bbleft\u00bb header_font_size=\u00bb18px\u00bb header_line_height=\u00bb1.8em\u00bb body_text_align=\u00bbleft\u00bb body_font_size=\u00bb15px\u00bb body_line_height=\u00bb1.8em\u00bb custom_padding=\u00bb|0px|20px|0px|false|true\u00bb animation=\u00bboff\u00bb image_max_width=\u00bb120px\u00bb global_colors_info=\u00bb{}\u00bb sticky_enabled=\u00bb0&#8243; custom_margin=\u00bb|0px|0px|0px|false|true\u00bb title_text=\u00bb20190927_195240&#8243; border_width_all=\u00bb2px\u00bb border_color_all=\u00bb#4C2813&#8243; content_max_width=\u00bb100%\u00bb hover_enabled=\u00bb0&#8243;]<\/p>\n<p><span>Hace unos a\u00f1os, y gracias a la proximidad del canal, la Administraci\u00f3n regional recuper\u00f3 la laguna como humedal con finalidad divulgativa. Se encuentra al lado del <span class=\"Naturaleza\">R\u00edo Sequillo<\/span>\u00a0y muy cerca de la esclusa S\u00e9ptima del\u00a0<span class=\"Arquitectura\">Canal de Castilla<\/span>.\u00a0<\/span><\/p>\n<p><span>Adem\u00e1s, da cobijo a una colonia de cern\u00edcalos primilla.\u00a0<\/span><br \/><span><\/span><\/p>\n<p><span><\/span><\/p>\n<h5 style=\"color: #4c2813; font-weight: bold; word-spacing: 1px; font-size: 18px;\"><a href=\"https:\/\/maps.app.goo.gl\/9c5NTLae7oe1CiPq6\"><span>C\u00d3MO LLEGAR<\/span><\/a><\/h5>\n<p>[\/et_pb_blurb][\/et_pb_column][et_pb_column _builder_version=\u00bb4.22.2&#8243; _module_preset=\u00bbdefault\u00bb type=\u00bb1_2&#8243;][et_pb_blurb title=\u00bbMedina de Rioseco\u00bb image=\u00bbhttps:\/\/posada.devel.digital\/wp-content\/uploads\/2023\/11\/canal-de-castilla.jpg\u00bb _builder_version=\u00bb4.22.2&#8243; header_text_align=\u00bbleft\u00bb header_font_size=\u00bb18px\u00bb header_line_height=\u00bb1.8em\u00bb body_text_align=\u00bbleft\u00bb body_font_size=\u00bb15px\u00bb body_line_height=\u00bb1.8em\u00bb custom_padding=\u00bb|0px|20px|0px|false|true\u00bb animation=\u00bboff\u00bb image_max_width=\u00bb120px\u00bb global_colors_info=\u00bb{}\u00bb sticky_enabled=\u00bb0&#8243; custom_margin=\u00bb|0px|0px|0px|false|true\u00bb title_text=\u00bbcanal-de-castilla\u00bb border_width_all=\u00bb2px\u00bb border_color_all=\u00bb#4C2813&#8243; content_max_width=\u00bb100%\u00bb hover_enabled=\u00bb0&#8243;]<\/p>\n<p><span>\u00a0Ciudad de los Almirantes, de gran inter\u00e9s cultural por sus iglesias catedralicias y museos. <\/span><span>Medina de Rioseco tambi\u00e9n cuenta con lugares maravillosos para salir a cenar y tomar unas copas.<\/span><\/p>\n<p><span>La Semana Santa de Medina de Rioseco es, por derecho propio, una de las m\u00e1s importantes que se celebran y esta declarada de Inter\u00e9s Turistico nacional.<\/span><br \/><span><\/span><\/p>\n<p><span><\/span><\/p>\n<h5 style=\"color: #4c2813; font-weight: bold; word-spacing: 1px; font-size: 18px;\"><a href=\"https:\/\/maps.app.goo.gl\/YD8hTPmWXzkfGhcx9\"><span>C\u00d3MO LLEGAR<\/span><\/a><\/h5>\n<p>[\/et_pb_blurb][\/et_pb_column][\/et_pb_row][\/et_pb_section]<\/p>\n","protected":false},"excerpt":{"rendered":"<p>Lugares de inter\u00e9sExplora y descubre la belleza de la regi\u00f3nAlrededoresA pocos pasos de la posada, encontrar\u00e1s lugares hist\u00f3ricos que te transportar\u00e1n en el tiempo, como museos, monumentos y sitios arqueol\u00f3gicos. Tu estancia se convertir\u00e1 en una experiencia inolvidable llena de cultura, historia y belleza naturalSituada frente a la Posada del Canal, obra de f\u00e1brica en [&hellip;]<\/p>\n","protected":false},"author":1,"featured_media":0,"parent":0,"menu_order":0,"comment_status":"closed","ping_status":"closed","template":"","meta":{"_et_pb_use_builder":"on","_et_pb_old_content":"","_et_gb_content_width":"","inline_featured_image":false,"footnotes":""},"class_list":["post-179","page","type-page","status-publish","hentry"],"_links":{"self":[{"href":"https:\/\/posada.devel.digital\/index.php\/wp-json\/wp\/v2\/pages\/179","targetHints":{"allow":["GET"]}}],"collection":[{"href":"https:\/\/posada.devel.digital\/index.php\/wp-json\/wp\/v2\/pages"}],"about":[{"href":"https:\/\/posada.devel.digital\/index.php\/wp-json\/wp\/v2\/types\/page"}],"author":[{"embeddable":true,"href":"https:\/\/posada.devel.digital\/index.php\/wp-json\/wp\/v2\/users\/1"}],"replies":[{"embeddable":true,"href":"https:\/\/posada.devel.digital\/index.php\/wp-json\/wp\/v2\/comments?post=179"}],"version-history":[{"count":16,"href":"https:\/\/posada.devel.digital\/index.php\/wp-json\/wp\/v2\/pages\/179\/revisions"}],"predecessor-version":[{"id":206,"href":"https:\/\/posada.devel.digital\/index.php\/wp-json\/wp\/v2\/pages\/179\/revisions\/206"}],"wp:attachment":[{"href":"https:\/\/posada.devel.digital\/index.php\/wp-json\/wp\/v2\/media?parent=179"}],"curies":[{"name":"wp","href":"https:\/\/api.w.org\/{rel}","templated":true}]}}